{"id":218,"date":"2025-08-05T18:36:36","date_gmt":"2025-08-05T17:36:36","guid":{"rendered":"https:\/\/leo.liu.co.at\/?page_id=218"},"modified":"2025-08-05T18:37:00","modified_gmt":"2025-08-05T17:37:00","slug":"elementor-218","status":"publish","type":"page","link":"https:\/\/leo.liu.co.at\/index.php\/elementor-218\/","title":{"rendered":"Elementor #218"},"content":{"rendered":"\t\t<div data-elementor-type=\"wp-page\" data-elementor-id=\"218\" class=\"elementor elementor-218\" data-elementor-post-type=\"page\">\n\t\t\t\t<div class=\"elementor-element elementor-element-5c02707 e-flex e-con-boxed e-con e-parent\" data-id=\"5c02707\" data-element_type=\"container\">\n\t\t\t\t\t<div class=\"e-con-inner\">\n\t\t\t\t<div class=\"elementor-element elementor-element-24c7c7c elementor-widget elementor-widget-heading\" data-id=\"24c7c7c\" data-element_type=\"widget\" data-widget_type=\"heading.default\">\n\t\t\t\t\t<h2 class=\"elementor-heading-title elementor-size-default\">Wurzelbehandlung &amp; Lasertherapie<\/h2>\t\t\t\t<\/div>\n\t\t\t\t<div class=\"elementor-element elementor-element-a1d243b elementor-widget elementor-widget-text-editor\" data-id=\"a1d243b\" data-element_type=\"widget\" data-widget_type=\"text-editor.default\">\n\t\t\t\t\t\t\t\t\t<p data-start=\"113\" data-end=\"599\" style=\"caret-color: rgb(0, 0, 0); color: rgb(0, 0, 0);\"><strong data-start=\"113\" data-end=\"137\">Die Wurzelbehandlung<\/strong><span class=\"Apple-converted-space\">&nbsp;<\/span>(Endodontie) ist eine bew\u00e4hrte Methode zur Rettung von stark gesch\u00e4digten oder entz\u00fcndeten Z\u00e4hnen. Dabei wird das erkrankte Zahnmark (Pulpa) entfernt, die Wurzelkan\u00e4le werden sorgf\u00e4ltig gereinigt, desinfiziert und anschlie\u00dfend dicht verschlossen. Ziel ist es, den nat\u00fcrlichen Zahn zu erhalten und eine chirurgische Entfernung zu vermeiden. Eine fachgerecht durchgef\u00fchrte Wurzelbehandlung kann einen Zahn oft noch \u00fcber viele Jahre hinweg stabil im Kiefer halten.<\/p><p data-start=\"601\" data-end=\"1005\" style=\"caret-color: rgb(0, 0, 0); color: rgb(0, 0, 0);\"><strong data-start=\"601\" data-end=\"626\">Moderne Lasertherapie<\/strong><span class=\"Apple-converted-space\">&nbsp;<\/span>erg\u00e4nzt die klassische Wurzelbehandlung ideal. Durch den Einsatz eines hochpr\u00e4zisen Dentallasers lassen sich Bakterien und Gewebereste in den feinen Wurzelkan\u00e4len deutlich gr\u00fcndlicher entfernen als mit mechanischen Instrumenten allein. Die Laserenergie wirkt zudem antibakteriell und entz\u00fcndungshemmend \u2013 ein klarer Vorteil f\u00fcr die langfristige Heilung und Stabilit\u00e4t des Zahns.<\/p><p data-start=\"1007\" data-end=\"1370\" style=\"caret-color: rgb(0, 0, 0); color: rgb(0, 0, 0);\"><strong data-start=\"1007\" data-end=\"1042\">Die Vorteile dieser Kombination<\/strong><span class=\"Apple-converted-space\">&nbsp;<\/span>liegen klar auf der Hand: h\u00f6here Erfolgschancen, weniger postoperative Beschwerden und ein geringeres Risiko f\u00fcr erneute Infektionen. Laserbehandlungen sind besonders schonend, da sie das umliegende Gewebe kaum belasten. Auch Schmerzempfinden und Blutungen k\u00f6nnen reduziert werden \u2013 ein gro\u00dfer Pluspunkt f\u00fcr Angstpatient:innen.<\/p><p data-start=\"1372\" data-end=\"1671\" style=\"caret-color: rgb(0, 0, 0); color: rgb(0, 0, 0);\">Zusammengefasst bietet die Verbindung von klassischer Wurzelbehandlung mit moderner Lasertechnologie eine hochwirksame, pr\u00e4zise und patientenschonende Therapie. Sie stellt sicher, dass Ihr Zahn mit gr\u00f6\u00dftm\u00f6glicher Sorgfalt erhalten wird \u2013 f\u00fcr Ihre Zahngesundheit und Ihr Wohlbefinden auf lange Sicht.<\/p>\t\t\t\t\t\t\t\t<\/div>\n\t\t\t\t\t<\/div>\n\t\t\t\t<\/div>\n\t\t\t\t<\/div>\n\t\t","protected":false},"excerpt":{"rendered":"<p>Wurzelbehandlung &amp; Lasertherapie Die Wurzelbehandlung&nbsp;(Endodontie) ist eine bew\u00e4hrte Methode zur Rettung von stark gesch\u00e4digten oder entz\u00fcndeten Z\u00e4hnen. Dabei wird das erkrankte Zahnmark (Pulpa) entfernt, die Wurzelkan\u00e4le werden sorgf\u00e4ltig gereinigt, desinfiziert und anschlie\u00dfend dicht verschlossen. Ziel ist es, den nat\u00fcrlichen Zahn zu erhalten und eine chirurgische Entfernung zu vermeiden. Eine fachgerecht durchgef\u00fchrte Wurzelbehandlung kann einen Zahn [&hellip;]<\/p>\n","protected":false},"author":1,"featured_media":0,"parent":0,"menu_order":0,"comment_status":"closed","ping_status":"closed","template":"","meta":{"footnotes":""},"class_list":["post-218","page","type-page","status-publish","hentry"],"_links":{"self":[{"href":"https:\/\/leo.liu.co.at\/index.php\/wp-json\/wp\/v2\/pages\/218","targetHints":{"allow":["GET"]}}],"collection":[{"href":"https:\/\/leo.liu.co.at\/index.php\/wp-json\/wp\/v2\/pages"}],"about":[{"href":"https:\/\/leo.liu.co.at\/index.php\/wp-json\/wp\/v2\/types\/page"}],"author":[{"embeddable":true,"href":"https:\/\/leo.liu.co.at\/index.php\/wp-json\/wp\/v2\/users\/1"}],"replies":[{"embeddable":true,"href":"https:\/\/leo.liu.co.at\/index.php\/wp-json\/wp\/v2\/comments?post=218"}],"version-history":[{"count":4,"href":"https:\/\/leo.liu.co.at\/index.php\/wp-json\/wp\/v2\/pages\/218\/revisions"}],"predecessor-version":[{"id":222,"href":"https:\/\/leo.liu.co.at\/index.php\/wp-json\/wp\/v2\/pages\/218\/revisions\/222"}],"wp:attachment":[{"href":"https:\/\/leo.liu.co.at\/index.php\/wp-json\/wp\/v2\/media?parent=218"}],"curies":[{"name":"wp","href":"https:\/\/api.w.org\/{rel}","templated":true}]}}