{"id":175,"date":"2025-08-05T16:41:26","date_gmt":"2025-08-05T15:41:26","guid":{"rendered":"https:\/\/leo.liu.co.at\/?page_id=175"},"modified":"2025-08-05T18:16:37","modified_gmt":"2025-08-05T17:16:37","slug":"elementor-page-175","status":"publish","type":"page","link":"https:\/\/leo.liu.co.at\/index.php\/elementor-page-175\/","title":{"rendered":"Elementor Page #175"},"content":{"rendered":"\t\t<div data-elementor-type=\"wp-page\" data-elementor-id=\"175\" class=\"elementor elementor-175\" data-elementor-post-type=\"page\">\n\t\t\t\t<div class=\"elementor-element elementor-element-45163d9 e-flex e-con-boxed e-con e-parent\" data-id=\"45163d9\" data-element_type=\"container\">\n\t\t\t\t\t<div class=\"e-con-inner\">\n\t\t\t\t<div class=\"elementor-element elementor-element-48407a8 elementor-widget elementor-widget-heading\" data-id=\"48407a8\" data-element_type=\"widget\" data-widget_type=\"heading.default\">\n\t\t\t\t\t<h2 class=\"elementor-heading-title elementor-size-default\">Implantologie<\/h2>\t\t\t\t<\/div>\n\t\t\t\t<div class=\"elementor-element elementor-element-d36127b elementor-widget elementor-widget-text-editor\" data-id=\"d36127b\" data-element_type=\"widget\" data-widget_type=\"text-editor.default\">\n\t\t\t\t\t\t\t\t\t<p data-start=\"0\" data-end=\"522\">Die <strong data-start=\"4\" data-end=\"21\">Implantologie<\/strong> ist ein Fachbereich der Zahnmedizin, der sich mit dem Einsetzen von Zahnimplantaten als Ersatz f\u00fcr fehlende Z\u00e4hne besch\u00e4ftigt. Ein Implantat ist eine k\u00fcnstliche Zahnwurzel, meist aus Titan oder Keramik, die in den Kieferknochen eingesetzt wird. Nach einer Einheilphase wird darauf ein Zahnersatz \u2013 zum Beispiel eine Krone, Br\u00fccke oder Prothese \u2013 befestigt. Implantate bieten eine besonders stabile und langlebige L\u00f6sung, die sowohl funktionell als auch \u00e4sthetisch dem nat\u00fcrlichen Zahn sehr nahekommt.<\/p><p data-start=\"524\" data-end=\"1002\" data-is-last-node=\"\" data-is-only-node=\"\">Voraussetzung f\u00fcr eine erfolgreiche Implantation ist ein ausreichend vorhandenes und gesundes Knochenangebot im Kiefer. Falls notwendig, kann vorab ein Knochenaufbau durchgef\u00fchrt werden. Die Implantologie erfordert eine sorgf\u00e4ltige Planung mit moderner Bildgebung (z.\u202fB. 3D-R\u00f6ntgen), um optimale Ergebnisse zu erzielen. Sie eignet sich f\u00fcr einzelne fehlende Z\u00e4hne ebenso wie f\u00fcr die Versorgung zahnloser Kiefer, bei denen Implantate festen Halt f\u00fcr Totalprothesen bieten k\u00f6nnen.<\/p>\t\t\t\t\t\t\t\t<\/div>\n\t\t\t\t\t<\/div>\n\t\t\t\t<\/div>\n\t\t\t\t<\/div>\n\t\t","protected":false},"excerpt":{"rendered":"<p>Implantologie Die Implantologie ist ein Fachbereich der Zahnmedizin, der sich mit dem Einsetzen von Zahnimplantaten als Ersatz f\u00fcr fehlende Z\u00e4hne besch\u00e4ftigt. Ein Implantat ist eine k\u00fcnstliche Zahnwurzel, meist aus Titan oder Keramik, die in den Kieferknochen eingesetzt wird. Nach einer Einheilphase wird darauf ein Zahnersatz \u2013 zum Beispiel eine Krone, Br\u00fccke oder Prothese \u2013 befestigt. [&hellip;]<\/p>\n","protected":false},"author":1,"featured_media":0,"parent":0,"menu_order":0,"comment_status":"closed","ping_status":"closed","template":"","meta":{"footnotes":""},"class_list":["post-175","page","type-page","status-publish","hentry"],"_links":{"self":[{"href":"https:\/\/leo.liu.co.at\/index.php\/wp-json\/wp\/v2\/pages\/175","targetHints":{"allow":["GET"]}}],"collection":[{"href":"https:\/\/leo.liu.co.at\/index.php\/wp-json\/wp\/v2\/pages"}],"about":[{"href":"https:\/\/leo.liu.co.at\/index.php\/wp-json\/wp\/v2\/types\/page"}],"author":[{"embeddable":true,"href":"https:\/\/leo.liu.co.at\/index.php\/wp-json\/wp\/v2\/users\/1"}],"replies":[{"embeddable":true,"href":"https:\/\/leo.liu.co.at\/index.php\/wp-json\/wp\/v2\/comments?post=175"}],"version-history":[{"count":7,"href":"https:\/\/leo.liu.co.at\/index.php\/wp-json\/wp\/v2\/pages\/175\/revisions"}],"predecessor-version":[{"id":202,"href":"https:\/\/leo.liu.co.at\/index.php\/wp-json\/wp\/v2\/pages\/175\/revisions\/202"}],"wp:attachment":[{"href":"https:\/\/leo.liu.co.at\/index.php\/wp-json\/wp\/v2\/media?parent=175"}],"curies":[{"name":"wp","href":"https:\/\/api.w.org\/{rel}","templated":true}]}}