{"id":170,"date":"2025-08-05T16:40:06","date_gmt":"2025-08-05T15:40:06","guid":{"rendered":"https:\/\/leo.liu.co.at\/?page_id=170"},"modified":"2025-08-05T19:41:37","modified_gmt":"2025-08-05T18:41:37","slug":"elementor-page-170","status":"publish","type":"page","link":"https:\/\/leo.liu.co.at\/index.php\/elementor-page-170\/","title":{"rendered":"Elementor Page #170"},"content":{"rendered":"\t\t<div data-elementor-type=\"wp-page\" data-elementor-id=\"170\" class=\"elementor elementor-170\" data-elementor-post-type=\"page\">\n\t\t\t\t<div class=\"elementor-element elementor-element-672e863 e-flex e-con-boxed e-con e-parent\" data-id=\"672e863\" data-element_type=\"container\">\n\t\t\t\t\t<div class=\"e-con-inner\">\n\t\t\t\t<div class=\"elementor-element elementor-element-b535029 elementor-widget elementor-widget-heading\" data-id=\"b535029\" data-element_type=\"widget\" data-widget_type=\"heading.default\">\n\t\t\t\t\t<h2 class=\"elementor-heading-title elementor-size-default\">Kinderzahnheilkunde<\/h2>\t\t\t\t<\/div>\n\t\t\t\t<div class=\"elementor-element elementor-element-58901b1 elementor-widget elementor-widget-text-editor\" data-id=\"58901b1\" data-element_type=\"widget\" data-widget_type=\"text-editor.default\">\n\t\t\t\t\t\t\t\t\t<p data-start=\"0\" data-end=\"476\">Die <strong data-start=\"4\" data-end=\"27\">Kinderzahnheilkunde<\/strong> (P\u00e4diatrische Zahnmedizin) ist ein spezialisiertes Gebiet der Zahnmedizin, das sich mit der zahn\u00e4rztlichen Betreuung von S\u00e4uglingen, Kindern und Jugendlichen befasst. Sie umfasst sowohl die Pr\u00e4vention als auch die Behandlung von Zahn-, Mund- und Kiefererkrankungen im Kindesalter. Ein besonderes Augenmerk liegt dabei auf der fr\u00fchzeitigen Erkennung und Vermeidung von Karies sowie der Aufkl\u00e4rung \u00fcber zahngesunde Ern\u00e4hrung und richtige Mundhygiene.<\/p><p data-start=\"478\" data-end=\"877\">Ein zentraler Bestandteil der Kinderzahnheilkunde ist der <strong data-start=\"536\" data-end=\"558\">einf\u00fchlsame Umgang<\/strong> mit jungen Patientinnen und Patienten. Ziel ist es, durch kindgerechte Kommunikation und eine ruhige Atmosph\u00e4re Vertrauen aufzubauen und Angst vor dem Zahnarztbesuch zu vermeiden. Spielerische Elemente und positive Erfahrungen sollen dabei helfen, die Zahnarztpraxis als einen sicheren und vertrauten Ort wahrzunehmen.<\/p><p data-start=\"879\" data-end=\"1298\" data-is-last-node=\"\" data-is-only-node=\"\">Zudem spielt die <strong data-start=\"896\" data-end=\"932\">Fr\u00fcherkennung von Fehlstellungen<\/strong> der Z\u00e4hne oder Kiefer eine wichtige Rolle. In Zusammenarbeit mit der Kieferorthop\u00e4die k\u00f6nnen rechtzeitig Ma\u00dfnahmen zur Korrektur eingeleitet werden. Auch die Behandlung von Zahnentwicklungsst\u00f6rungen, Zahntraumata oder die Pflege der Milchz\u00e4hne geh\u00f6rt zum Aufgabenbereich, da gesunde Milchz\u00e4hne die Grundlage f\u00fcr eine gute Entwicklung des bleibenden Gebisses bilden.<\/p>\t\t\t\t\t\t\t\t<\/div>\n\t\t\t\t\t<\/div>\n\t\t\t\t<\/div>\n\t\t\t\t<\/div>\n\t\t","protected":false},"excerpt":{"rendered":"<p>Kinderzahnheilkunde Die Kinderzahnheilkunde (P\u00e4diatrische Zahnmedizin) ist ein spezialisiertes Gebiet der Zahnmedizin, das sich mit der zahn\u00e4rztlichen Betreuung von S\u00e4uglingen, Kindern und Jugendlichen befasst. Sie umfasst sowohl die Pr\u00e4vention als auch die Behandlung von Zahn-, Mund- und Kiefererkrankungen im Kindesalter. Ein besonderes Augenmerk liegt dabei auf der fr\u00fchzeitigen Erkennung und Vermeidung von Karies sowie der Aufkl\u00e4rung [&hellip;]<\/p>\n","protected":false},"author":1,"featured_media":0,"parent":0,"menu_order":0,"comment_status":"closed","ping_status":"closed","template":"","meta":{"footnotes":""},"class_list":["post-170","page","type-page","status-publish","hentry"],"_links":{"self":[{"href":"https:\/\/leo.liu.co.at\/index.php\/wp-json\/wp\/v2\/pages\/170","targetHints":{"allow":["GET"]}}],"collection":[{"href":"https:\/\/leo.liu.co.at\/index.php\/wp-json\/wp\/v2\/pages"}],"about":[{"href":"https:\/\/leo.liu.co.at\/index.php\/wp-json\/wp\/v2\/types\/page"}],"author":[{"embeddable":true,"href":"https:\/\/leo.liu.co.at\/index.php\/wp-json\/wp\/v2\/users\/1"}],"replies":[{"embeddable":true,"href":"https:\/\/leo.liu.co.at\/index.php\/wp-json\/wp\/v2\/comments?post=170"}],"version-history":[{"count":7,"href":"https:\/\/leo.liu.co.at\/index.php\/wp-json\/wp\/v2\/pages\/170\/revisions"}],"predecessor-version":[{"id":248,"href":"https:\/\/leo.liu.co.at\/index.php\/wp-json\/wp\/v2\/pages\/170\/revisions\/248"}],"wp:attachment":[{"href":"https:\/\/leo.liu.co.at\/index.php\/wp-json\/wp\/v2\/media?parent=170"}],"curies":[{"name":"wp","href":"https:\/\/api.w.org\/{rel}","templated":true}]}}