{"id":168,"date":"2025-08-05T16:38:57","date_gmt":"2025-08-05T15:38:57","guid":{"rendered":"https:\/\/leo.liu.co.at\/?page_id=168"},"modified":"2025-08-05T18:15:08","modified_gmt":"2025-08-05T17:15:08","slug":"elementor-page-168","status":"publish","type":"page","link":"https:\/\/leo.liu.co.at\/index.php\/elementor-page-168\/","title":{"rendered":"Elementor Page #168"},"content":{"rendered":"\t\t<div data-elementor-type=\"wp-page\" data-elementor-id=\"168\" class=\"elementor elementor-168\" data-elementor-post-type=\"page\">\n\t\t\t\t<div class=\"elementor-element elementor-element-0f56c67 e-flex e-con-boxed e-con e-parent\" data-id=\"0f56c67\" data-element_type=\"container\">\n\t\t\t\t\t<div class=\"e-con-inner\">\n\t\t\t\t<div class=\"elementor-element elementor-element-c694886 elementor-widget elementor-widget-heading\" data-id=\"c694886\" data-element_type=\"widget\" data-widget_type=\"heading.default\">\n\t\t\t\t\t<h2 class=\"elementor-heading-title elementor-size-default\">Modellguss - Teilprothese &amp; Totalprothesen\n<\/h2>\t\t\t\t<\/div>\n\t\t\t\t<div class=\"elementor-element elementor-element-a599e05 elementor-widget elementor-widget-text-editor\" data-id=\"a599e05\" data-element_type=\"widget\" data-widget_type=\"text-editor.default\">\n\t\t\t\t\t\t\t\t\t<p data-start=\"0\" data-end=\"574\"><strong data-start=\"0\" data-end=\"28\">Modellguss-Teilprothesen<\/strong> sind herausnehmbare Zahnersatzl\u00f6sungen, die bei teilweisem Zahnverlust eingesetzt werden. Sie bestehen aus einem Metallger\u00fcst (meist einer Chrom-Kobalt-Legierung), das pr\u00e4zise auf ein Gipsmodell des Kiefers gegossen wird. Dieses Ger\u00fcst tr\u00e4gt k\u00fcnstliche Z\u00e4hne und wird \u00fcber Klammern oder andere Halteelemente an den verbliebenen nat\u00fcrlichen Z\u00e4hnen befestigt. Modellgussprothesen zeichnen sich durch eine gute Stabilit\u00e4t und Langlebigkeit aus, sind allerdings sichtbar durch die Metallklammern, was \u00e4sthetisch als nachteilig empfunden werden kann.<\/p><p data-start=\"576\" data-end=\"1094\" data-is-last-node=\"\" data-is-only-node=\"\"><strong data-start=\"576\" data-end=\"594\">Totalprothesen<\/strong> kommen zum Einsatz, wenn im Ober- oder Unterkiefer keine eigenen Z\u00e4hne mehr vorhanden sind. Sie bestehen vollst\u00e4ndig aus Kunststoff und liegen direkt auf der Schleimhaut des Kiefers auf. Der Halt wird durch Saugwirkung (vor allem im Oberkiefer) und die Muskulatur sowie in manchen F\u00e4llen durch Haftcremes oder Implantate unterst\u00fctzt. Totalprothesen erfordern eine pr\u00e4zise Anpassung an die individuelle Kieferform und regelm\u00e4\u00dfige Kontrolle, da sich der Kieferknochen im Laufe der Zeit ver\u00e4ndern kann.<\/p>\t\t\t\t\t\t\t\t<\/div>\n\t\t\t\t\t<\/div>\n\t\t\t\t<\/div>\n\t\t\t\t<\/div>\n\t\t","protected":false},"excerpt":{"rendered":"<p>Modellguss &#8211; Teilprothese &amp; Totalprothesen Modellguss-Teilprothesen sind herausnehmbare Zahnersatzl\u00f6sungen, die bei teilweisem Zahnverlust eingesetzt werden. Sie bestehen aus einem Metallger\u00fcst (meist einer Chrom-Kobalt-Legierung), das pr\u00e4zise auf ein Gipsmodell des Kiefers gegossen wird. Dieses Ger\u00fcst tr\u00e4gt k\u00fcnstliche Z\u00e4hne und wird \u00fcber Klammern oder andere Halteelemente an den verbliebenen nat\u00fcrlichen Z\u00e4hnen befestigt. Modellgussprothesen zeichnen sich durch eine [&hellip;]<\/p>\n","protected":false},"author":1,"featured_media":0,"parent":0,"menu_order":0,"comment_status":"closed","ping_status":"closed","template":"","meta":{"footnotes":""},"class_list":["post-168","page","type-page","status-publish","hentry"],"_links":{"self":[{"href":"https:\/\/leo.liu.co.at\/index.php\/wp-json\/wp\/v2\/pages\/168","targetHints":{"allow":["GET"]}}],"collection":[{"href":"https:\/\/leo.liu.co.at\/index.php\/wp-json\/wp\/v2\/pages"}],"about":[{"href":"https:\/\/leo.liu.co.at\/index.php\/wp-json\/wp\/v2\/types\/page"}],"author":[{"embeddable":true,"href":"https:\/\/leo.liu.co.at\/index.php\/wp-json\/wp\/v2\/users\/1"}],"replies":[{"embeddable":true,"href":"https:\/\/leo.liu.co.at\/index.php\/wp-json\/wp\/v2\/comments?post=168"}],"version-history":[{"count":7,"href":"https:\/\/leo.liu.co.at\/index.php\/wp-json\/wp\/v2\/pages\/168\/revisions"}],"predecessor-version":[{"id":196,"href":"https:\/\/leo.liu.co.at\/index.php\/wp-json\/wp\/v2\/pages\/168\/revisions\/196"}],"wp:attachment":[{"href":"https:\/\/leo.liu.co.at\/index.php\/wp-json\/wp\/v2\/media?parent=168"}],"curies":[{"name":"wp","href":"https:\/\/api.w.org\/{rel}","templated":true}]}}