{"id":163,"date":"2025-08-05T16:33:08","date_gmt":"2025-08-05T15:33:08","guid":{"rendered":"https:\/\/leo.liu.co.at\/?page_id=163"},"modified":"2025-08-05T18:22:19","modified_gmt":"2025-08-05T17:22:19","slug":"elementor-page-163","status":"publish","type":"page","link":"https:\/\/leo.liu.co.at\/index.php\/elementor-page-163\/","title":{"rendered":"Elementor Page #163"},"content":{"rendered":"\t\t<div data-elementor-type=\"wp-page\" data-elementor-id=\"163\" class=\"elementor elementor-163\" data-elementor-post-type=\"page\">\n\t\t\t\t<div class=\"elementor-element elementor-element-55385a3 e-flex e-con-boxed e-con e-parent\" data-id=\"55385a3\" data-element_type=\"container\">\n\t\t\t\t\t<div class=\"e-con-inner\">\n\t\t\t\t<div class=\"elementor-element elementor-element-d338e7f elementor-widget elementor-widget-heading\" data-id=\"d338e7f\" data-element_type=\"widget\" data-widget_type=\"heading.default\">\n\t\t\t\t\t<h2 class=\"elementor-heading-title elementor-size-default\">Mundhygiene<\/h2>\t\t\t\t<\/div>\n\t\t\t\t<div class=\"elementor-element elementor-element-7caaf80 elementor-widget elementor-widget-text-editor\" data-id=\"7caaf80\" data-element_type=\"widget\" data-widget_type=\"text-editor.default\">\n\t\t\t\t\t\t\t\t\t<p style=\"caret-color: #000000; color: #000000;\" data-start=\"0\" data-end=\"564\"><strong data-start=\"0\" data-end=\"15\">Mundhygiene<\/strong><span class=\"Apple-converted-space\">\u00a0<\/span>ist ein zentraler Bestandteil der allgemeinen Gesundheitsvorsorge und dient der Erhaltung gesunder Z\u00e4hne und eines gesunden Zahnfleisches. Durch regelm\u00e4\u00dfiges Z\u00e4hneputzen \u2013 idealerweise zweimal t\u00e4glich mit fluoridhaltiger Zahnpasta \u2013 sowie der Anwendung von Zahnseide oder Interdentalb\u00fcrsten werden Zahnbelag (Plaque), Essensreste und Bakterien entfernt, die sonst zu Karies, Zahnstein und Parodontitis f\u00fchren k\u00f6nnen. Auch die Reinigung der Zunge mit einem Zungenschaber kann helfen, Mundgeruch zu reduzieren und das Bakterienwachstum zu minimieren.<\/p><p style=\"caret-color: #000000; color: #000000;\" data-start=\"566\" data-end=\"1184\" data-is-last-node=\"\" data-is-only-node=\"\">Neben der t\u00e4glichen Pflege spielt auch der regelm\u00e4\u00dfige Besuch beim Zahnarzt eine wichtige Rolle in der Mundhygiene. Professionelle Zahnreinigungen und Kontrolluntersuchungen helfen dabei, Zahnprobleme fr\u00fchzeitig zu erkennen und zu behandeln. Eine ausgewogene Ern\u00e4hrung \u2013 arm an Zucker und reich an Vitaminen und Mineralstoffen \u2013 unterst\u00fctzt zus\u00e4tzlich die Zahngesundheit. Gute Mundhygiene tr\u00e4gt nicht nur zur Funktion und \u00c4sthetik der Z\u00e4hne bei, sondern steht auch in Verbindung mit der allgemeinen Gesundheit, da bakterielle Entz\u00fcndungen im Mund das Risiko f\u00fcr Herz-Kreislauf-Erkrankungen und Diabetes erh\u00f6hen k\u00f6nnen.<\/p>\t\t\t\t\t\t\t\t<\/div>\n\t\t\t\t\t<\/div>\n\t\t\t\t<\/div>\n\t\t\t\t<\/div>\n\t\t","protected":false},"excerpt":{"rendered":"<p>Mundhygiene Mundhygiene\u00a0ist ein zentraler Bestandteil der allgemeinen Gesundheitsvorsorge und dient der Erhaltung gesunder Z\u00e4hne und eines gesunden Zahnfleisches. Durch regelm\u00e4\u00dfiges Z\u00e4hneputzen \u2013 idealerweise zweimal t\u00e4glich mit fluoridhaltiger Zahnpasta \u2013 sowie der Anwendung von Zahnseide oder Interdentalb\u00fcrsten werden Zahnbelag (Plaque), Essensreste und Bakterien entfernt, die sonst zu Karies, Zahnstein und Parodontitis f\u00fchren k\u00f6nnen. Auch die Reinigung [&hellip;]<\/p>\n","protected":false},"author":1,"featured_media":0,"parent":0,"menu_order":0,"comment_status":"closed","ping_status":"closed","template":"","meta":{"footnotes":""},"class_list":["post-163","page","type-page","status-publish","hentry"],"_links":{"self":[{"href":"https:\/\/leo.liu.co.at\/index.php\/wp-json\/wp\/v2\/pages\/163","targetHints":{"allow":["GET"]}}],"collection":[{"href":"https:\/\/leo.liu.co.at\/index.php\/wp-json\/wp\/v2\/pages"}],"about":[{"href":"https:\/\/leo.liu.co.at\/index.php\/wp-json\/wp\/v2\/types\/page"}],"author":[{"embeddable":true,"href":"https:\/\/leo.liu.co.at\/index.php\/wp-json\/wp\/v2\/users\/1"}],"replies":[{"embeddable":true,"href":"https:\/\/leo.liu.co.at\/index.php\/wp-json\/wp\/v2\/comments?post=163"}],"version-history":[{"count":4,"href":"https:\/\/leo.liu.co.at\/index.php\/wp-json\/wp\/v2\/pages\/163\/revisions"}],"predecessor-version":[{"id":210,"href":"https:\/\/leo.liu.co.at\/index.php\/wp-json\/wp\/v2\/pages\/163\/revisions\/210"}],"wp:attachment":[{"href":"https:\/\/leo.liu.co.at\/index.php\/wp-json\/wp\/v2\/media?parent=163"}],"curies":[{"name":"wp","href":"https:\/\/api.w.org\/{rel}","templated":true}]}}