{"id":161,"date":"2025-08-05T16:33:13","date_gmt":"2025-08-05T15:33:13","guid":{"rendered":"https:\/\/leo.liu.co.at\/?page_id=161"},"modified":"2025-08-05T18:17:40","modified_gmt":"2025-08-05T17:17:40","slug":"elementor-161","status":"publish","type":"page","link":"https:\/\/leo.liu.co.at\/index.php\/elementor-161\/","title":{"rendered":"Elementor #161"},"content":{"rendered":"\t\t<div data-elementor-type=\"wp-page\" data-elementor-id=\"161\" class=\"elementor elementor-161\" data-elementor-post-type=\"page\">\n\t\t\t\t<div class=\"elementor-element elementor-element-cfe2ff0 e-flex e-con-boxed e-con e-parent\" data-id=\"cfe2ff0\" data-element_type=\"container\">\n\t\t\t\t\t<div class=\"e-con-inner\">\n\t\t\t\t<div class=\"elementor-element elementor-element-8618d2e elementor-widget elementor-widget-heading\" data-id=\"8618d2e\" data-element_type=\"widget\" data-widget_type=\"heading.default\">\n\t\t\t\t\t<h2 class=\"elementor-heading-title elementor-size-default\">Zirkonoxid-Kronen<\/h2>\t\t\t\t<\/div>\n\t\t\t\t<div class=\"elementor-element elementor-element-ad231dc elementor-widget elementor-widget-text-editor\" data-id=\"ad231dc\" data-element_type=\"widget\" data-widget_type=\"text-editor.default\">\n\t\t\t\t\t\t\t\t\t<p>Die Zirkonoxid-Keramik-Krone ist eine metallfreie Konstruktion und kann von nat\u00fcrlichen Z\u00e4hnen kaum unterschieden werden. Der Aufbau der Keramik entspricht in Farbbrillanz und Lichtdurchl\u00e4ssigkeit einem nat\u00fcrlichen Zahn.<\/p>\t\t\t\t\t\t\t\t<\/div>\n\t\t\t\t<div class=\"elementor-element elementor-element-d0e7bdf elementor-widget elementor-widget-text-editor\" data-id=\"d0e7bdf\" data-element_type=\"widget\" data-widget_type=\"text-editor.default\">\n\t\t\t\t\t\t\t\t\t<p>Aufgrund seiner au\u00dfergew\u00f6hnlich guten Vertr\u00e4glichkeit hat sich Zirkonoxid selbst bei H\u00fcftgelenken seit \u00fcber 10 Jahren hervorragend bew\u00e4hrt. Zirkonoxid ist gewebefreundlich und zeigt keine messbare L\u00f6slichkeit. Allergische Reaktionen sind nicht bekannt und die niedrige Temperaturleitf\u00e4higkeit gegen\u00fcber Metallen bietet die Grundlage daf\u00fcr, dass Kronen und Br\u00fccken aus diesem Material die beste L\u00f6sung f\u00fcr den Patienten sind.<\/p>\t\t\t\t\t\t\t\t<\/div>\n\t\t\t\t\t<\/div>\n\t\t\t\t<\/div>\n\t\t\t\t<\/div>\n\t\t","protected":false},"excerpt":{"rendered":"<p>Zirkonoxid-Kronen Die Zirkonoxid-Keramik-Krone ist eine metallfreie Konstruktion und kann von nat\u00fcrlichen Z\u00e4hnen kaum unterschieden werden. Der Aufbau der Keramik entspricht in Farbbrillanz und Lichtdurchl\u00e4ssigkeit einem nat\u00fcrlichen Zahn. Aufgrund seiner au\u00dfergew\u00f6hnlich guten Vertr\u00e4glichkeit hat sich Zirkonoxid selbst bei H\u00fcftgelenken seit \u00fcber 10 Jahren hervorragend bew\u00e4hrt. Zirkonoxid ist gewebefreundlich und zeigt keine messbare L\u00f6slichkeit. Allergische Reaktionen sind [&hellip;]<\/p>\n","protected":false},"author":1,"featured_media":0,"parent":0,"menu_order":0,"comment_status":"closed","ping_status":"closed","template":"","meta":{"footnotes":""},"class_list":["post-161","page","type-page","status-publish","hentry"],"_links":{"self":[{"href":"https:\/\/leo.liu.co.at\/index.php\/wp-json\/wp\/v2\/pages\/161","targetHints":{"allow":["GET"]}}],"collection":[{"href":"https:\/\/leo.liu.co.at\/index.php\/wp-json\/wp\/v2\/pages"}],"about":[{"href":"https:\/\/leo.liu.co.at\/index.php\/wp-json\/wp\/v2\/types\/page"}],"author":[{"embeddable":true,"href":"https:\/\/leo.liu.co.at\/index.php\/wp-json\/wp\/v2\/users\/1"}],"replies":[{"embeddable":true,"href":"https:\/\/leo.liu.co.at\/index.php\/wp-json\/wp\/v2\/comments?post=161"}],"version-history":[{"count":7,"href":"https:\/\/leo.liu.co.at\/index.php\/wp-json\/wp\/v2\/pages\/161\/revisions"}],"predecessor-version":[{"id":205,"href":"https:\/\/leo.liu.co.at\/index.php\/wp-json\/wp\/v2\/pages\/161\/revisions\/205"}],"wp:attachment":[{"href":"https:\/\/leo.liu.co.at\/index.php\/wp-json\/wp\/v2\/media?parent=161"}],"curies":[{"name":"wp","href":"https:\/\/api.w.org\/{rel}","templated":true}]}}